{"id":116,"date":"2026-03-05T13:50:52","date_gmt":"2026-03-05T12:50:52","guid":{"rendered":"http:\/\/test.association-serenite.fr\/?page_id=116"},"modified":"2026-04-02T19:06:09","modified_gmt":"2026-04-02T17:06:09","slug":"les-phrases","status":"publish","type":"page","link":"https:\/\/www.association-serenite.fr\/?page_id=116","title":{"rendered":"Les phrases"},"content":{"rendered":"\n<figure class=\"wp-block-image aligncenter size-full\"><img loading=\"lazy\" decoding=\"async\" width=\"120\" height=\"120\" data-attachment-id=\"117\" data-permalink=\"https:\/\/www.association-serenite.fr\/?attachment_id=117\" data-orig-file=\"https:\/\/www.association-serenite.fr\/wp-content\/uploads\/2026\/03\/img-20191222-wa0003-2.jpg\" data-orig-size=\"120,120\" data-comments-opened=\"1\" data-image-meta=\"{&quot;aperture&quot;:&quot;0&quot;,&quot;credit&quot;:&quot;&quot;,&quot;camera&quot;:&quot;&quot;,&quot;caption&quot;:&quot;&quot;,&quot;created_timestamp&quot;:&quot;0&quot;,&quot;copyright&quot;:&quot;&quot;,&quot;focal_length&quot;:&quot;0&quot;,&quot;iso&quot;:&quot;0&quot;,&quot;shutter_speed&quot;:&quot;0&quot;,&quot;title&quot;:&quot;&quot;,&quot;orientation&quot;:&quot;0&quot;}\" data-image-title=\"img-20191222-wa0003-2\" data-image-description=\"\" data-image-caption=\"\" data-medium-file=\"https:\/\/www.association-serenite.fr\/wp-content\/uploads\/2026\/03\/img-20191222-wa0003-2.jpg\" data-large-file=\"https:\/\/www.association-serenite.fr\/wp-content\/uploads\/2026\/03\/img-20191222-wa0003-2.jpg\" src=\"https:\/\/www.association-serenite.fr\/wp-content\/uploads\/2026\/03\/img-20191222-wa0003-2.jpg\" alt=\"\" class=\"wp-image-117\" srcset=\"https:\/\/www.association-serenite.fr\/wp-content\/uploads\/2026\/03\/img-20191222-wa0003-2.jpg 120w, https:\/\/www.association-serenite.fr\/wp-content\/uploads\/2026\/03\/img-20191222-wa0003-2-50x50.jpg 50w\" sizes=\"auto, (max-width: 120px) 100vw, 120px\" \/><\/figure>\n\n\n\n<p class=\"has-text-align-center has-vivid-green-cyan-color has-text-color has-link-color wp-elements-1b741a0ff1c56eaa2eb4909665285e5c\"><strong>\u00ab\u00a0Le vrai bonheur se trouve \u00e0 l&rsquo;int\u00e9rieur. Pour insuffler plus de joie et de cr\u00e9ativit\u00e9 dans nos vies,<\/strong><\/p>\n\n\n\n<p class=\"has-text-align-center has-vivid-green-cyan-color has-text-color has-link-color wp-elements-2dc96d29c644fd7e4cc87b9c3c22793f\"><strong>nous devons r\u00e9guli\u00e8rement plonger au plus profond de nous-m\u00eames,<\/strong><\/p>\n\n\n\n<p class=\"has-text-align-center has-vivid-green-cyan-color has-text-color has-link-color wp-elements-3b876964e5ede46acb1fd9e88e401a37\"><strong>dans un oc\u00e9an de pure conscience et de paix infinie.\u00a0\u00bb<\/strong><\/p>\n\n\n\n<p><\/p>\n\n\n\n<p class=\"has-text-align-center has-luminous-vivid-amber-color has-text-color has-link-color wp-elements-b6492bdfb30604a546f9529464415abc\"><strong>\u00ab\u00a0Seul celui qui sait, ne pas savoir est savant,<\/strong><\/p>\n\n\n\n<p class=\"has-text-align-center has-luminous-vivid-amber-color has-text-color has-link-color wp-elements-5254e2b9c21d9f71abae7798d8b48e02\"><strong>Contrairement \u00e0 celui qui a l&rsquo;illusion de savoir<\/strong><\/p>\n\n\n\n<p class=\"has-text-align-center has-luminous-vivid-amber-color has-text-color has-link-color wp-elements-ebe86f8bdaf9a03ce23fef6136906642\"><strong>et qui ignore m\u00eame sa propre ignorance<\/strong><\/p>\n\n\n\n<p class=\"has-text-align-center has-luminous-vivid-amber-color has-text-color has-link-color wp-elements-4fcebbeebec1a07871fb0754e2cab5f9\"><strong>SOCRATE<\/strong><\/p>\n\n\n\n<p><\/p>\n\n\n\n<p class=\"has-text-align-center\"><strong>Vis comme si tu devais mourir demain,<\/strong><\/p>\n\n\n\n<p class=\"has-text-align-center\"><strong>Apprends comme si tu devais vivre toujours<\/strong><\/p>\n\n\n\n<p><\/p>\n\n\n\n<p class=\"has-text-align-center has-luminous-vivid-orange-color has-text-color has-link-color wp-elements-14d3cfa6ec3473c9421f1d17f833372d\"><strong>C&rsquo;est la nuit qu&rsquo; il est beau de croire \u00e0 la lumi\u00e8re !<br>Edmond Rostand .<\/strong><\/p>\n\n\n\n<p><\/p>\n\n\n\n<p class=\"has-text-align-center has-vivid-purple-color has-text-color has-link-color wp-elements-e79b7e256fcf61a88820b268635c3c40\"><strong>\u00a0Pardonner quelqu&rsquo;un ne veut pas dire pardonner son comportement.<\/strong><\/p>\n\n\n\n<p class=\"has-text-align-center has-vivid-purple-color has-text-color has-link-color wp-elements-f326fca0c55d7e51849f6d368fd5e474\"><strong>Ce n&rsquo;est pas non plus oublier la fa\u00e7on dont il t&rsquo;a bless\u00e9 et m\u00eame pas lui laisser te faire du mal.<\/strong><\/p>\n\n\n\n<p class=\"has-text-align-center has-vivid-purple-color has-text-color has-link-color wp-elements-1cb9f23350eaabc0aba81942d219e182\"><strong>Pardonner signifie faire la paix avec ce qui s&rsquo;est pass\u00e9. Cela signifie reconna\u00eetre ta blessure<\/strong><\/p>\n\n\n\n<p class=\"has-text-align-center has-vivid-purple-color has-text-color has-link-color wp-elements-7f1332d4f168d0f119a210185adf9dac\"><strong>en te donnant la permission de la ressentir et de comprendre que cette douleur ne te sert plus \u00e0 pr\u00e9sent.<\/strong><\/p>\n\n\n\n<p class=\"has-text-align-center has-vivid-purple-color has-text-color has-link-color wp-elements-e3e4edd05b8237011c78ab28f700ddb5\"><strong>\u00c7a&nbsp; veut dire laisser aller la douleur et le ressentiment pour pouvoir gu\u00e9rir et avancer.<\/strong><\/p>\n\n\n\n<p class=\"has-text-align-center has-vivid-purple-color has-text-color has-link-color wp-elements-9e7d7a62579dd8ed26a3e7c0d38feb49\"><strong>Le pardon est un cadeau \u00e0 toi m\u00eame. C est une d\u00e9cision, TA d\u00e9cision&#8230;Il te lib\u00e8re du pass\u00e9<\/strong><\/p>\n\n\n\n<p class=\"has-text-align-center has-vivid-purple-color has-text-color has-link-color wp-elements-e97cc0a923a35a1399633de2f9132f19\"><strong>et te permet de vivre dans le temps pr\u00e9sent. Quand tu te pardonnes et que tu pardonnes aux autres,<\/strong><\/p>\n\n\n\n<p class=\"has-text-align-center has-vivid-purple-color has-text-color has-link-color wp-elements-85494d64519b22a7f3afea80d823560a\"><strong>tu deviens vraiment LIBRE .Tu te d\u00e9taches&#8230;Pardonner signifie lib\u00e9rer un prisonnier et d\u00e9couvrir que ce prisonnier, c \u00e9tait TOI !!!&#8230;<br>PADRE&nbsp; PIO .<\/strong><\/p>\n\n\n\n<p><\/p>\n\n\n\n<p class=\"has-text-align-center has-vivid-cyan-blue-color has-text-color has-link-color wp-elements-a9f913dd4598399f8b1a5dafeb8eeff1\"><strong>Si tu as l&rsquo;impression d avoir tout perdu ,rappelle-toi que les arbres perdent leurs feuilles tous les ans ,<\/strong><\/p>\n\n\n\n<p class=\"has-text-align-center has-vivid-cyan-blue-color has-text-color has-link-color wp-elements-d899e5c7142a1161ebb3bcfe217c587d\"><strong>restent debout et attendent des jours meilleurs&#8230;<\/strong><\/p>\n\n\n\n<p><\/p>\n\n\n\n<p class=\"has-text-align-center has-vivid-green-cyan-color has-text-color has-link-color wp-elements-78390b233c051c327da50f02b9e6c234\"><strong>On ne vieillit pas en prenant de l \u00e2ge&#8230;on vieillit quand on arr\u00eate de rire !&#8230;<br>&nbsp;Et si au lieu de se \u00a0\u00bb soi- nier \u00a0\u00bb on commen\u00e7ait \u00e0 se \u00a0\u00bb gai &#8211; rire \u00a0\u00bb ?!&#8230;<\/strong><\/p>\n","protected":false},"excerpt":{"rendered":"<p>\u00ab\u00a0Le vrai bonheur se trouve \u00e0 l&rsquo;int\u00e9rieur. Pour insuffler plus de joie et de cr\u00e9ativit\u00e9 dans nos vies, nous devons r\u00e9guli\u00e8rement plonger au plus profond de nous-m\u00eames, dans un oc\u00e9an de pure conscience et de paix infinie.\u00a0\u00bb \u00ab\u00a0Seul celui qui sait, ne pas savoir est savant, Contrairement \u00e0 celui qui a l&rsquo;illusion de savoir et [&hellip;]<\/p>\n","protected":false},"author":1,"featured_media":0,"parent":0,"menu_order":0,"comment_status":"closed","ping_status":"closed","template":"template-featured-img","meta":{"footnotes":""},"class_list":["post-116","page","type-page","status-publish","hentry"],"jetpack_sharing_enabled":true,"_links":{"self":[{"href":"https:\/\/www.association-serenite.fr\/index.php?rest_route=\/wp\/v2\/pages\/116","targetHints":{"allow":["GET"]}}],"collection":[{"href":"https:\/\/www.association-serenite.fr\/index.php?rest_route=\/wp\/v2\/pages"}],"about":[{"href":"https:\/\/www.association-serenite.fr\/index.php?rest_route=\/wp\/v2\/types\/page"}],"author":[{"embeddable":true,"href":"https:\/\/www.association-serenite.fr\/index.php?rest_route=\/wp\/v2\/users\/1"}],"replies":[{"embeddable":true,"href":"https:\/\/www.association-serenite.fr\/index.php?rest_route=%2Fwp%2Fv2%2Fcomments&post=116"}],"version-history":[{"count":6,"href":"https:\/\/www.association-serenite.fr\/index.php?rest_route=\/wp\/v2\/pages\/116\/revisions"}],"predecessor-version":[{"id":202,"href":"https:\/\/www.association-serenite.fr\/index.php?rest_route=\/wp\/v2\/pages\/116\/revisions\/202"}],"wp:attachment":[{"href":"https:\/\/www.association-serenite.fr\/index.php?rest_route=%2Fwp%2Fv2%2Fmedia&parent=116"}],"curies":[{"name":"wp","href":"https:\/\/api.w.org\/{rel}","templated":true}]}}