{"id":122,"date":"2026-03-05T13:58:28","date_gmt":"2026-03-05T12:58:28","guid":{"rendered":"http:\/\/test.association-serenite.fr\/?page_id=122"},"modified":"2026-04-17T20:06:47","modified_gmt":"2026-04-17T18:06:47","slug":"galerie","status":"publish","type":"page","link":"https:\/\/www.association-serenite.fr\/?page_id=122","title":{"rendered":"Historique et galerie"},"content":{"rendered":"\n<p class=\"has-text-align-center\">Quelques photos de nos rendez-vous mensuels &#8230;Merci d&rsquo;\u00eatre pr\u00e9sents ,cela nous encourage \u00e0 continuer &#8230;<\/p>\n\n\n\n<div style=\"height:100px\" aria-hidden=\"true\" class=\"wp-block-spacer\"><\/div>\n\n\n\n<p class=\"has-text-align-center\"><strong><mark style=\"background-color:rgba(0, 0, 0, 0);color:#cf2e2e\" class=\"has-inline-color\">R\u00e9union du 11 Avril 2026 \u00e0 Grasse. H\u00f4tel Best Western<\/mark><\/strong> <\/p>\n\n\n\n<div style=\"height:25px\" aria-hidden=\"true\" class=\"wp-block-spacer\"><\/div>\n\n\n\n<div class=\"wp-block-columns is-layout-flex wp-container-core-columns-is-layout-28f84493 wp-block-columns-is-layout-flex\">\n<div class=\"wp-block-column is-layout-flow wp-block-column-is-layout-flow\">\n<figure class=\"wp-block-image aligncenter size-large is-resized\"><img loading=\"lazy\" decoding=\"async\" width=\"1024\" height=\"965\" data-attachment-id=\"222\" data-permalink=\"https:\/\/www.association-serenite.fr\/?attachment_id=222\" data-orig-file=\"https:\/\/www.association-serenite.fr\/wp-content\/uploads\/2026\/04\/IMG_7561-2.jpg\" data-orig-size=\"1320,1244\" data-comments-opened=\"1\" data-image-meta=\"{&quot;aperture&quot;:&quot;0&quot;,&quot;credit&quot;:&quot;&quot;,&quot;camera&quot;:&quot;&quot;,&quot;caption&quot;:&quot;Screenshot&quot;,&quot;created_timestamp&quot;:&quot;1776448983&quot;,&quot;copyright&quot;:&quot;&quot;,&quot;focal_length&quot;:&quot;0&quot;,&quot;iso&quot;:&quot;0&quot;,&quot;shutter_speed&quot;:&quot;0&quot;,&quot;title&quot;:&quot;Screenshot&quot;,&quot;orientation&quot;:&quot;1&quot;}\" data-image-title=\"Screenshot\" data-image-description=\"\" data-image-caption=\"&lt;p&gt;Screenshot&lt;\/p&gt;\n\" data-medium-file=\"https:\/\/www.association-serenite.fr\/wp-content\/uploads\/2026\/04\/IMG_7561-2-300x283.jpg\" data-large-file=\"https:\/\/www.association-serenite.fr\/wp-content\/uploads\/2026\/04\/IMG_7561-2-1024x965.jpg\" src=\"https:\/\/www.association-serenite.fr\/wp-content\/uploads\/2026\/04\/IMG_7561-2-1024x965.jpg\" alt=\"\" class=\"wp-image-222\" style=\"aspect-ratio:1.0611630140574522;width:584px;height:auto\" srcset=\"https:\/\/www.association-serenite.fr\/wp-content\/uploads\/2026\/04\/IMG_7561-2-1024x965.jpg 1024w, https:\/\/www.association-serenite.fr\/wp-content\/uploads\/2026\/04\/IMG_7561-2-300x283.jpg 300w, https:\/\/www.association-serenite.fr\/wp-content\/uploads\/2026\/04\/IMG_7561-2-768x724.jpg 768w, https:\/\/www.association-serenite.fr\/wp-content\/uploads\/2026\/04\/IMG_7561-2.jpg 1320w\" sizes=\"auto, (max-width: 1024px) 100vw, 1024px\" \/><\/figure>\n\n\n\n<div style=\"height:70px\" aria-hidden=\"true\" class=\"wp-block-spacer\"><\/div>\n<\/div>\n\n\n\n<div class=\"wp-block-column is-layout-flow wp-block-column-is-layout-flow\">\n<figure class=\"wp-block-image aligncenter size-large is-resized\"><img loading=\"lazy\" decoding=\"async\" width=\"1024\" height=\"1012\" data-attachment-id=\"223\" data-permalink=\"https:\/\/www.association-serenite.fr\/?attachment_id=223\" data-orig-file=\"https:\/\/www.association-serenite.fr\/wp-content\/uploads\/2026\/04\/IMG_7559-4.jpg\" data-orig-size=\"1268,1253\" data-comments-opened=\"1\" data-image-meta=\"{&quot;aperture&quot;:&quot;0&quot;,&quot;credit&quot;:&quot;&quot;,&quot;camera&quot;:&quot;&quot;,&quot;caption&quot;:&quot;Screenshot&quot;,&quot;created_timestamp&quot;:&quot;1776448948&quot;,&quot;copyright&quot;:&quot;&quot;,&quot;focal_length&quot;:&quot;0&quot;,&quot;iso&quot;:&quot;0&quot;,&quot;shutter_speed&quot;:&quot;0&quot;,&quot;title&quot;:&quot;Screenshot&quot;,&quot;orientation&quot;:&quot;1&quot;}\" data-image-title=\"Screenshot\" data-image-description=\"\" data-image-caption=\"&lt;p&gt;Screenshot&lt;\/p&gt;\n\" data-medium-file=\"https:\/\/www.association-serenite.fr\/wp-content\/uploads\/2026\/04\/IMG_7559-4-300x296.jpg\" data-large-file=\"https:\/\/www.association-serenite.fr\/wp-content\/uploads\/2026\/04\/IMG_7559-4-1024x1012.jpg\" src=\"https:\/\/www.association-serenite.fr\/wp-content\/uploads\/2026\/04\/IMG_7559-4-1024x1012.jpg\" alt=\"\" class=\"wp-image-223\" style=\"aspect-ratio:1.0118641245524935;width:509px;height:auto\" srcset=\"https:\/\/www.association-serenite.fr\/wp-content\/uploads\/2026\/04\/IMG_7559-4-1024x1012.jpg 1024w, https:\/\/www.association-serenite.fr\/wp-content\/uploads\/2026\/04\/IMG_7559-4-300x296.jpg 300w, https:\/\/www.association-serenite.fr\/wp-content\/uploads\/2026\/04\/IMG_7559-4-768x759.jpg 768w, https:\/\/www.association-serenite.fr\/wp-content\/uploads\/2026\/04\/IMG_7559-4-50x50.jpg 50w, https:\/\/www.association-serenite.fr\/wp-content\/uploads\/2026\/04\/IMG_7559-4.jpg 1268w\" sizes=\"auto, (max-width: 1024px) 100vw, 1024px\" \/><\/figure>\n\n\n\n<div style=\"height:70px\" aria-hidden=\"true\" class=\"wp-block-spacer\"><\/div>\n<\/div>\n<\/div>\n\n\n\n<p class=\"has-text-align-center\">Une r\u00e9flexion men\u00e9e par <strong>Alexandre Quaranta <\/strong>autour du th\u00e8me : Pourquoi r\u00eavons-nous ? . <\/p>\n\n\n\n<p class=\"has-text-align-center\">Suivie d&rsquo;un d\u00e9bat entre rationalit\u00e9 et Spiritualit\u00e9 ,avant de se conclure par un temps d&rsquo;\u00e9changes (questions \/ r\u00e9ponses ) <\/p>\n\n\n\n<p class=\"has-text-align-center\">et de contacts avec <strong>Fabienne M\u00e9dium<\/strong>.<\/p>\n\n\n\n<div style=\"height:25px\" aria-hidden=\"true\" class=\"wp-block-spacer\"><\/div>\n\n\n\n<div style=\"height:100px\" aria-hidden=\"true\" class=\"wp-block-spacer\"><\/div>\n\n\n\n<p class=\"has-text-align-center has-vivid-red-color has-text-color has-link-color wp-elements-a6999c422727d4c0df54bcbcd25ad3e3\"><strong>R\u00e9union du 14 Mars 2026 \u00e0 Grasse. H\u00f4tel Best Western<\/strong> <\/p>\n\n\n\n<figure class=\"wp-block-gallery has-nested-images columns-default is-cropped wp-block-gallery-1 is-layout-flex wp-block-gallery-is-layout-flex\">\n<figure class=\"wp-block-image size-large\"><img loading=\"lazy\" decoding=\"async\" width=\"748\" height=\"748\" data-attachment-id=\"170\" data-permalink=\"https:\/\/www.association-serenite.fr\/?attachment_id=170\" data-orig-file=\"https:\/\/www.association-serenite.fr\/wp-content\/uploads\/2026\/03\/20260314_144524.jpg\" data-orig-size=\"748,748\" data-comments-opened=\"1\" data-image-meta=\"{&quot;aperture&quot;:&quot;0&quot;,&quot;credit&quot;:&quot;&quot;,&quot;camera&quot;:&quot;&quot;,&quot;caption&quot;:&quot;&quot;,&quot;created_timestamp&quot;:&quot;0&quot;,&quot;copyright&quot;:&quot;&quot;,&quot;focal_length&quot;:&quot;0&quot;,&quot;iso&quot;:&quot;0&quot;,&quot;shutter_speed&quot;:&quot;0&quot;,&quot;title&quot;:&quot;&quot;,&quot;orientation&quot;:&quot;0&quot;}\" data-image-title=\"20260314_144524\" data-image-description=\"\" data-image-caption=\"\" data-medium-file=\"https:\/\/www.association-serenite.fr\/wp-content\/uploads\/2026\/03\/20260314_144524-300x300.jpg\" data-large-file=\"https:\/\/www.association-serenite.fr\/wp-content\/uploads\/2026\/03\/20260314_144524.jpg\" data-id=\"170\" src=\"https:\/\/www.association-serenite.fr\/wp-content\/uploads\/2026\/03\/20260314_144524.jpg\" alt=\"\" class=\"wp-image-170\" srcset=\"https:\/\/www.association-serenite.fr\/wp-content\/uploads\/2026\/03\/20260314_144524.jpg 748w, https:\/\/www.association-serenite.fr\/wp-content\/uploads\/2026\/03\/20260314_144524-300x300.jpg 300w, https:\/\/www.association-serenite.fr\/wp-content\/uploads\/2026\/03\/20260314_144524-150x150.jpg 150w, https:\/\/www.association-serenite.fr\/wp-content\/uploads\/2026\/03\/20260314_144524-50x50.jpg 50w\" sizes=\"auto, (max-width: 748px) 100vw, 748px\" \/><\/figure>\n\n\n\n<figure class=\"wp-block-image size-large\"><img loading=\"lazy\" decoding=\"async\" width=\"748\" height=\"748\" data-attachment-id=\"169\" data-permalink=\"https:\/\/www.association-serenite.fr\/?attachment_id=169\" data-orig-file=\"https:\/\/www.association-serenite.fr\/wp-content\/uploads\/2026\/03\/20260314_1445021.jpg\" data-orig-size=\"748,748\" data-comments-opened=\"1\" data-image-meta=\"{&quot;aperture&quot;:&quot;0&quot;,&quot;credit&quot;:&quot;&quot;,&quot;camera&quot;:&quot;&quot;,&quot;caption&quot;:&quot;&quot;,&quot;created_timestamp&quot;:&quot;0&quot;,&quot;copyright&quot;:&quot;&quot;,&quot;focal_length&quot;:&quot;0&quot;,&quot;iso&quot;:&quot;0&quot;,&quot;shutter_speed&quot;:&quot;0&quot;,&quot;title&quot;:&quot;&quot;,&quot;orientation&quot;:&quot;0&quot;}\" data-image-title=\"20260314_144502(1)\" data-image-description=\"\" data-image-caption=\"\" data-medium-file=\"https:\/\/www.association-serenite.fr\/wp-content\/uploads\/2026\/03\/20260314_1445021-300x300.jpg\" data-large-file=\"https:\/\/www.association-serenite.fr\/wp-content\/uploads\/2026\/03\/20260314_1445021.jpg\" data-id=\"169\" src=\"https:\/\/www.association-serenite.fr\/wp-content\/uploads\/2026\/03\/20260314_1445021.jpg\" alt=\"\" class=\"wp-image-169\" srcset=\"https:\/\/www.association-serenite.fr\/wp-content\/uploads\/2026\/03\/20260314_1445021.jpg 748w, https:\/\/www.association-serenite.fr\/wp-content\/uploads\/2026\/03\/20260314_1445021-300x300.jpg 300w, https:\/\/www.association-serenite.fr\/wp-content\/uploads\/2026\/03\/20260314_1445021-150x150.jpg 150w, https:\/\/www.association-serenite.fr\/wp-content\/uploads\/2026\/03\/20260314_1445021-50x50.jpg 50w\" sizes=\"auto, (max-width: 748px) 100vw, 748px\" \/><\/figure>\n\n\n\n<figure class=\"wp-block-image size-large\"><img loading=\"lazy\" decoding=\"async\" width=\"1024\" height=\"1024\" data-attachment-id=\"191\" data-permalink=\"https:\/\/www.association-serenite.fr\/?attachment_id=191\" data-orig-file=\"https:\/\/www.association-serenite.fr\/wp-content\/uploads\/2026\/04\/5a302ea1-dae2-45b5-a3cc-e6bd5b47cb95.jpg\" data-orig-size=\"2048,2048\" data-comments-opened=\"1\" data-image-meta=\"{&quot;aperture&quot;:&quot;0&quot;,&quot;credit&quot;:&quot;&quot;,&quot;camera&quot;:&quot;&quot;,&quot;caption&quot;:&quot;&quot;,&quot;created_timestamp&quot;:&quot;0&quot;,&quot;copyright&quot;:&quot;&quot;,&quot;focal_length&quot;:&quot;0&quot;,&quot;iso&quot;:&quot;0&quot;,&quot;shutter_speed&quot;:&quot;0&quot;,&quot;title&quot;:&quot;&quot;,&quot;orientation&quot;:&quot;0&quot;}\" data-image-title=\"5a302ea1-dae2-45b5-a3cc-e6bd5b47cb95\" data-image-description=\"\" data-image-caption=\"\" data-medium-file=\"https:\/\/www.association-serenite.fr\/wp-content\/uploads\/2026\/04\/5a302ea1-dae2-45b5-a3cc-e6bd5b47cb95-300x300.jpg\" data-large-file=\"https:\/\/www.association-serenite.fr\/wp-content\/uploads\/2026\/04\/5a302ea1-dae2-45b5-a3cc-e6bd5b47cb95-1024x1024.jpg\" data-id=\"191\" src=\"https:\/\/www.association-serenite.fr\/wp-content\/uploads\/2026\/04\/5a302ea1-dae2-45b5-a3cc-e6bd5b47cb95-1024x1024.jpg\" alt=\"\" class=\"wp-image-191\" srcset=\"https:\/\/www.association-serenite.fr\/wp-content\/uploads\/2026\/04\/5a302ea1-dae2-45b5-a3cc-e6bd5b47cb95-1024x1024.jpg 1024w, https:\/\/www.association-serenite.fr\/wp-content\/uploads\/2026\/04\/5a302ea1-dae2-45b5-a3cc-e6bd5b47cb95-300x300.jpg 300w, https:\/\/www.association-serenite.fr\/wp-content\/uploads\/2026\/04\/5a302ea1-dae2-45b5-a3cc-e6bd5b47cb95-150x150.jpg 150w, https:\/\/www.association-serenite.fr\/wp-content\/uploads\/2026\/04\/5a302ea1-dae2-45b5-a3cc-e6bd5b47cb95-768x768.jpg 768w, https:\/\/www.association-serenite.fr\/wp-content\/uploads\/2026\/04\/5a302ea1-dae2-45b5-a3cc-e6bd5b47cb95-1536x1536.jpg 1536w, https:\/\/www.association-serenite.fr\/wp-content\/uploads\/2026\/04\/5a302ea1-dae2-45b5-a3cc-e6bd5b47cb95-50x50.jpg 50w, https:\/\/www.association-serenite.fr\/wp-content\/uploads\/2026\/04\/5a302ea1-dae2-45b5-a3cc-e6bd5b47cb95.jpg 2048w\" sizes=\"auto, (max-width: 1024px) 100vw, 1024px\" \/><\/figure>\n<\/figure>\n\n\n\n<div style=\"height:53px\" aria-hidden=\"true\" class=\"wp-block-spacer\"><\/div>\n\n\n\n<p class=\"has-text-align-center\">\u00ab\u00a0<strong><em>Robin Malmasson<\/em><\/strong> nous a captiv\u00e9s, pour la seconde fois, en nous parlant de cette paix int\u00e9rieure si difficile \u00e0 atteindre !<\/p>\n\n\n\n<p class=\"has-text-align-center\">Et notre <strong><em>Sandra <\/em><\/strong>nous a d\u00e9livr\u00e9s, comme \u00e0 l&rsquo;accoutum\u00e9, avec sa douceur et sa bienveillance, des messages tant attendus de nos D\u00e9funts.\u00a0\u00bb<\/p>\n\n\n\n<div style=\"height:100px\" aria-hidden=\"true\" class=\"wp-block-spacer\"><\/div>\n\n\n\n<p><\/p>\n\n\n\n<div style=\"height:69px\" aria-hidden=\"true\" class=\"wp-block-spacer\"><\/div>\n\n\n\n<p class=\"has-text-align-center has-vivid-red-color has-text-color has-link-color wp-elements-3ebcb73a065aa5d45fa825b8a6c3b49e\"><strong>R\u00e9union du 14 f\u00e9vrier 2026 \u00e0 Le Tignet 06.<\/strong><\/p>\n\n\n\n<p class=\"has-text-align-center\"><strong>Belle conf\u00e9rence de notre M\u00e9dium Fran\u00e7oise des Anges \ud83d\udc7c&#8230;et des contacts mediumniques toujours aussi touchants !&nbsp;&nbsp;<\/strong><\/p>\n\n\n\n<figure class=\"wp-block-gallery has-nested-images columns-default is-cropped wp-block-gallery-2 is-layout-flex wp-block-gallery-is-layout-flex\">\n<figure class=\"wp-block-image size-large\"><img loading=\"lazy\" decoding=\"async\" width=\"1024\" height=\"1024\" data-attachment-id=\"147\" data-permalink=\"https:\/\/www.association-serenite.fr\/?attachment_id=147\" data-orig-file=\"https:\/\/www.association-serenite.fr\/wp-content\/uploads\/2026\/03\/IMG_20260306_091004-scaled.jpg\" data-orig-size=\"2560,2560\" data-comments-opened=\"1\" data-image-meta=\"{&quot;aperture&quot;:&quot;2&quot;,&quot;credit&quot;:&quot;&quot;,&quot;camera&quot;:&quot;SM-A127F&quot;,&quot;caption&quot;:&quot;&quot;,&quot;created_timestamp&quot;:&quot;1771080938&quot;,&quot;copyright&quot;:&quot;&quot;,&quot;focal_length&quot;:&quot;4.6&quot;,&quot;iso&quot;:&quot;200&quot;,&quot;shutter_speed&quot;:&quot;0.016666666666667&quot;,&quot;title&quot;:&quot;&quot;,&quot;orientation&quot;:&quot;1&quot;}\" data-image-title=\"IMG_20260306_091004\" data-image-description=\"\" data-image-caption=\"\" data-medium-file=\"https:\/\/www.association-serenite.fr\/wp-content\/uploads\/2026\/03\/IMG_20260306_091004-300x300.jpg\" data-large-file=\"https:\/\/www.association-serenite.fr\/wp-content\/uploads\/2026\/03\/IMG_20260306_091004-1024x1024.jpg\" data-id=\"147\" src=\"https:\/\/www.association-serenite.fr\/wp-content\/uploads\/2026\/03\/IMG_20260306_091004-1024x1024.jpg\" alt=\"\" class=\"wp-image-147\" srcset=\"https:\/\/www.association-serenite.fr\/wp-content\/uploads\/2026\/03\/IMG_20260306_091004-1024x1024.jpg 1024w, https:\/\/www.association-serenite.fr\/wp-content\/uploads\/2026\/03\/IMG_20260306_091004-300x300.jpg 300w, https:\/\/www.association-serenite.fr\/wp-content\/uploads\/2026\/03\/IMG_20260306_091004-150x150.jpg 150w, https:\/\/www.association-serenite.fr\/wp-content\/uploads\/2026\/03\/IMG_20260306_091004-768x768.jpg 768w, https:\/\/www.association-serenite.fr\/wp-content\/uploads\/2026\/03\/IMG_20260306_091004-1536x1536.jpg 1536w, https:\/\/www.association-serenite.fr\/wp-content\/uploads\/2026\/03\/IMG_20260306_091004-2048x2048.jpg 2048w, https:\/\/www.association-serenite.fr\/wp-content\/uploads\/2026\/03\/IMG_20260306_091004-50x50.jpg 50w\" sizes=\"auto, (max-width: 1024px) 100vw, 1024px\" \/><\/figure>\n\n\n\n<figure class=\"wp-block-image size-large\"><img loading=\"lazy\" decoding=\"async\" width=\"1024\" height=\"1024\" data-attachment-id=\"148\" data-permalink=\"https:\/\/www.association-serenite.fr\/?attachment_id=148\" data-orig-file=\"https:\/\/www.association-serenite.fr\/wp-content\/uploads\/2026\/03\/IMG_20260306_090958-scaled.jpg\" data-orig-size=\"2560,2560\" data-comments-opened=\"1\" data-image-meta=\"{&quot;aperture&quot;:&quot;2&quot;,&quot;credit&quot;:&quot;&quot;,&quot;camera&quot;:&quot;SM-A127F&quot;,&quot;caption&quot;:&quot;&quot;,&quot;created_timestamp&quot;:&quot;1771080955&quot;,&quot;copyright&quot;:&quot;&quot;,&quot;focal_length&quot;:&quot;4.6&quot;,&quot;iso&quot;:&quot;250&quot;,&quot;shutter_speed&quot;:&quot;0.016666666666667&quot;,&quot;title&quot;:&quot;&quot;,&quot;orientation&quot;:&quot;1&quot;}\" data-image-title=\"IMG_20260306_090958\" data-image-description=\"\" data-image-caption=\"\" data-medium-file=\"https:\/\/www.association-serenite.fr\/wp-content\/uploads\/2026\/03\/IMG_20260306_090958-300x300.jpg\" data-large-file=\"https:\/\/www.association-serenite.fr\/wp-content\/uploads\/2026\/03\/IMG_20260306_090958-1024x1024.jpg\" data-id=\"148\" src=\"https:\/\/www.association-serenite.fr\/wp-content\/uploads\/2026\/03\/IMG_20260306_090958-1024x1024.jpg\" alt=\"\" class=\"wp-image-148\" srcset=\"https:\/\/www.association-serenite.fr\/wp-content\/uploads\/2026\/03\/IMG_20260306_090958-1024x1024.jpg 1024w, https:\/\/www.association-serenite.fr\/wp-content\/uploads\/2026\/03\/IMG_20260306_090958-300x300.jpg 300w, https:\/\/www.association-serenite.fr\/wp-content\/uploads\/2026\/03\/IMG_20260306_090958-150x150.jpg 150w, https:\/\/www.association-serenite.fr\/wp-content\/uploads\/2026\/03\/IMG_20260306_090958-768x768.jpg 768w, https:\/\/www.association-serenite.fr\/wp-content\/uploads\/2026\/03\/IMG_20260306_090958-1536x1536.jpg 1536w, https:\/\/www.association-serenite.fr\/wp-content\/uploads\/2026\/03\/IMG_20260306_090958-2048x2048.jpg 2048w, https:\/\/www.association-serenite.fr\/wp-content\/uploads\/2026\/03\/IMG_20260306_090958-50x50.jpg 50w\" sizes=\"auto, (max-width: 1024px) 100vw, 1024px\" \/><\/figure>\n\n\n\n<figure class=\"wp-block-image size-large\"><img loading=\"lazy\" decoding=\"async\" width=\"1024\" height=\"1024\" data-attachment-id=\"146\" data-permalink=\"https:\/\/www.association-serenite.fr\/?attachment_id=146\" data-orig-file=\"https:\/\/www.association-serenite.fr\/wp-content\/uploads\/2026\/03\/IMG_20260306_091001-scaled.jpg\" data-orig-size=\"2560,2560\" data-comments-opened=\"1\" data-image-meta=\"{&quot;aperture&quot;:&quot;2&quot;,&quot;credit&quot;:&quot;&quot;,&quot;camera&quot;:&quot;SM-A127F&quot;,&quot;caption&quot;:&quot;&quot;,&quot;created_timestamp&quot;:&quot;1771080966&quot;,&quot;copyright&quot;:&quot;&quot;,&quot;focal_length&quot;:&quot;4.6&quot;,&quot;iso&quot;:&quot;160&quot;,&quot;shutter_speed&quot;:&quot;0.02&quot;,&quot;title&quot;:&quot;&quot;,&quot;orientation&quot;:&quot;1&quot;}\" data-image-title=\"IMG_20260306_091001\" data-image-description=\"\" data-image-caption=\"\" data-medium-file=\"https:\/\/www.association-serenite.fr\/wp-content\/uploads\/2026\/03\/IMG_20260306_091001-300x300.jpg\" data-large-file=\"https:\/\/www.association-serenite.fr\/wp-content\/uploads\/2026\/03\/IMG_20260306_091001-1024x1024.jpg\" data-id=\"146\" src=\"https:\/\/www.association-serenite.fr\/wp-content\/uploads\/2026\/03\/IMG_20260306_091001-1024x1024.jpg\" alt=\"\" class=\"wp-image-146\" srcset=\"https:\/\/www.association-serenite.fr\/wp-content\/uploads\/2026\/03\/IMG_20260306_091001-1024x1024.jpg 1024w, https:\/\/www.association-serenite.fr\/wp-content\/uploads\/2026\/03\/IMG_20260306_091001-300x300.jpg 300w, https:\/\/www.association-serenite.fr\/wp-content\/uploads\/2026\/03\/IMG_20260306_091001-150x150.jpg 150w, https:\/\/www.association-serenite.fr\/wp-content\/uploads\/2026\/03\/IMG_20260306_091001-768x768.jpg 768w, https:\/\/www.association-serenite.fr\/wp-content\/uploads\/2026\/03\/IMG_20260306_091001-1536x1536.jpg 1536w, https:\/\/www.association-serenite.fr\/wp-content\/uploads\/2026\/03\/IMG_20260306_091001-2048x2048.jpg 2048w, https:\/\/www.association-serenite.fr\/wp-content\/uploads\/2026\/03\/IMG_20260306_091001-50x50.jpg 50w\" sizes=\"auto, (max-width: 1024px) 100vw, 1024px\" \/><\/figure>\n<\/figure>\n\n\n\n<div style=\"height:50px\" aria-hidden=\"true\" class=\"wp-block-spacer\"><\/div>\n\n\n\n<p class=\"has-text-align-center has-vivid-red-color has-text-color has-link-color wp-elements-9c78e375896fc185d281930f49aa41b8\"><strong>Pour notre premier rendez vous le 20 janvier 2024<\/strong><\/p>\n\n\n\n<figure class=\"wp-block-gallery has-nested-images columns-default is-cropped wp-block-gallery-3 is-layout-flex wp-block-gallery-is-layout-flex\">\n<figure class=\"wp-block-image size-large\"><img loading=\"lazy\" decoding=\"async\" width=\"300\" height=\"400\" data-attachment-id=\"124\" data-permalink=\"https:\/\/www.association-serenite.fr\/?attachment_id=124\" data-orig-file=\"https:\/\/www.association-serenite.fr\/wp-content\/uploads\/2026\/03\/img-20240131-wa0003.jpg\" data-orig-size=\"300,400\" data-comments-opened=\"1\" data-image-meta=\"{&quot;aperture&quot;:&quot;0&quot;,&quot;credit&quot;:&quot;&quot;,&quot;camera&quot;:&quot;&quot;,&quot;caption&quot;:&quot;&quot;,&quot;created_timestamp&quot;:&quot;0&quot;,&quot;copyright&quot;:&quot;&quot;,&quot;focal_length&quot;:&quot;0&quot;,&quot;iso&quot;:&quot;0&quot;,&quot;shutter_speed&quot;:&quot;0&quot;,&quot;title&quot;:&quot;&quot;,&quot;orientation&quot;:&quot;0&quot;}\" data-image-title=\"img-20240131-wa0003\" data-image-description=\"\" data-image-caption=\"\" data-medium-file=\"https:\/\/www.association-serenite.fr\/wp-content\/uploads\/2026\/03\/img-20240131-wa0003-225x300.jpg\" data-large-file=\"https:\/\/www.association-serenite.fr\/wp-content\/uploads\/2026\/03\/img-20240131-wa0003.jpg\" data-id=\"124\" src=\"https:\/\/www.association-serenite.fr\/wp-content\/uploads\/2026\/03\/img-20240131-wa0003.jpg\" alt=\"\" class=\"wp-image-124\" srcset=\"https:\/\/www.association-serenite.fr\/wp-content\/uploads\/2026\/03\/img-20240131-wa0003.jpg 300w, https:\/\/www.association-serenite.fr\/wp-content\/uploads\/2026\/03\/img-20240131-wa0003-225x300.jpg 225w\" sizes=\"auto, (max-width: 300px) 100vw, 300px\" \/><\/figure>\n\n\n\n<figure class=\"wp-block-image size-large\"><img loading=\"lazy\" decoding=\"async\" width=\"300\" height=\"400\" data-attachment-id=\"123\" data-permalink=\"https:\/\/www.association-serenite.fr\/?attachment_id=123\" data-orig-file=\"https:\/\/www.association-serenite.fr\/wp-content\/uploads\/2026\/03\/img-20240131-wa0004.jpg\" data-orig-size=\"300,400\" data-comments-opened=\"1\" data-image-meta=\"{&quot;aperture&quot;:&quot;0&quot;,&quot;credit&quot;:&quot;&quot;,&quot;camera&quot;:&quot;&quot;,&quot;caption&quot;:&quot;&quot;,&quot;created_timestamp&quot;:&quot;0&quot;,&quot;copyright&quot;:&quot;&quot;,&quot;focal_length&quot;:&quot;0&quot;,&quot;iso&quot;:&quot;0&quot;,&quot;shutter_speed&quot;:&quot;0&quot;,&quot;title&quot;:&quot;&quot;,&quot;orientation&quot;:&quot;0&quot;}\" data-image-title=\"img-20240131-wa0004\" data-image-description=\"\" data-image-caption=\"\" data-medium-file=\"https:\/\/www.association-serenite.fr\/wp-content\/uploads\/2026\/03\/img-20240131-wa0004-225x300.jpg\" data-large-file=\"https:\/\/www.association-serenite.fr\/wp-content\/uploads\/2026\/03\/img-20240131-wa0004.jpg\" data-id=\"123\" src=\"https:\/\/www.association-serenite.fr\/wp-content\/uploads\/2026\/03\/img-20240131-wa0004.jpg\" alt=\"\" class=\"wp-image-123\" srcset=\"https:\/\/www.association-serenite.fr\/wp-content\/uploads\/2026\/03\/img-20240131-wa0004.jpg 300w, https:\/\/www.association-serenite.fr\/wp-content\/uploads\/2026\/03\/img-20240131-wa0004-225x300.jpg 225w\" sizes=\"auto, (max-width: 300px) 100vw, 300px\" \/><\/figure>\n\n\n\n<figure class=\"wp-block-image size-large\"><img loading=\"lazy\" decoding=\"async\" width=\"300\" height=\"400\" data-attachment-id=\"125\" data-permalink=\"https:\/\/www.association-serenite.fr\/?attachment_id=125\" data-orig-file=\"https:\/\/www.association-serenite.fr\/wp-content\/uploads\/2026\/03\/img-20240131-wa0005.jpg\" data-orig-size=\"300,400\" data-comments-opened=\"1\" data-image-meta=\"{&quot;aperture&quot;:&quot;0&quot;,&quot;credit&quot;:&quot;&quot;,&quot;camera&quot;:&quot;&quot;,&quot;caption&quot;:&quot;&quot;,&quot;created_timestamp&quot;:&quot;0&quot;,&quot;copyright&quot;:&quot;&quot;,&quot;focal_length&quot;:&quot;0&quot;,&quot;iso&quot;:&quot;0&quot;,&quot;shutter_speed&quot;:&quot;0&quot;,&quot;title&quot;:&quot;&quot;,&quot;orientation&quot;:&quot;0&quot;}\" data-image-title=\"img-20240131-wa0005\" data-image-description=\"\" data-image-caption=\"\" data-medium-file=\"https:\/\/www.association-serenite.fr\/wp-content\/uploads\/2026\/03\/img-20240131-wa0005-225x300.jpg\" data-large-file=\"https:\/\/www.association-serenite.fr\/wp-content\/uploads\/2026\/03\/img-20240131-wa0005.jpg\" data-id=\"125\" src=\"https:\/\/www.association-serenite.fr\/wp-content\/uploads\/2026\/03\/img-20240131-wa0005.jpg\" alt=\"\" class=\"wp-image-125\" srcset=\"https:\/\/www.association-serenite.fr\/wp-content\/uploads\/2026\/03\/img-20240131-wa0005.jpg 300w, https:\/\/www.association-serenite.fr\/wp-content\/uploads\/2026\/03\/img-20240131-wa0005-225x300.jpg 225w\" sizes=\"auto, (max-width: 300px) 100vw, 300px\" \/><\/figure>\n<\/figure>\n\n\n\n<p><\/p>\n","protected":false},"excerpt":{"rendered":"<p>Quelques photos de nos rendez-vous mensuels &#8230;Merci d&rsquo;\u00eatre pr\u00e9sents ,cela nous encourage \u00e0 continuer &#8230; R\u00e9union du 11 Avril 2026 \u00e0 Grasse. H\u00f4tel Best Western Une r\u00e9flexion men\u00e9e par Alexandre Quaranta autour du th\u00e8me : Pourquoi r\u00eavons-nous ? . Suivie d&rsquo;un d\u00e9bat entre rationalit\u00e9 et Spiritualit\u00e9 ,avant de se conclure par un temps d&rsquo;\u00e9changes (questions [&hellip;]<\/p>\n","protected":false},"author":1,"featured_media":0,"parent":0,"menu_order":0,"comment_status":"closed","ping_status":"closed","template":"template-featured-img","meta":{"footnotes":""},"class_list":["post-122","page","type-page","status-publish","hentry"],"jetpack_sharing_enabled":true,"_links":{"self":[{"href":"https:\/\/www.association-serenite.fr\/index.php?rest_route=\/wp\/v2\/pages\/122","targetHints":{"allow":["GET"]}}],"collection":[{"href":"https:\/\/www.association-serenite.fr\/index.php?rest_route=\/wp\/v2\/pages"}],"about":[{"href":"https:\/\/www.association-serenite.fr\/index.php?rest_route=\/wp\/v2\/types\/page"}],"author":[{"embeddable":true,"href":"https:\/\/www.association-serenite.fr\/index.php?rest_route=\/wp\/v2\/users\/1"}],"replies":[{"embeddable":true,"href":"https:\/\/www.association-serenite.fr\/index.php?rest_route=%2Fwp%2Fv2%2Fcomments&post=122"}],"version-history":[{"count":31,"href":"https:\/\/www.association-serenite.fr\/index.php?rest_route=\/wp\/v2\/pages\/122\/revisions"}],"predecessor-version":[{"id":246,"href":"https:\/\/www.association-serenite.fr\/index.php?rest_route=\/wp\/v2\/pages\/122\/revisions\/246"}],"wp:attachment":[{"href":"https:\/\/www.association-serenite.fr\/index.php?rest_route=%2Fwp%2Fv2%2Fmedia&parent=122"}],"curies":[{"name":"wp","href":"https:\/\/api.w.org\/{rel}","templated":true}]}}