{"id":129,"date":"2026-03-05T14:12:17","date_gmt":"2026-03-05T13:12:17","guid":{"rendered":"http:\/\/test.association-serenite.fr\/?page_id=129"},"modified":"2026-03-09T16:18:05","modified_gmt":"2026-03-09T15:18:05","slug":"religion-et-spiritualite","status":"publish","type":"page","link":"https:\/\/www.association-serenite.fr\/?page_id=129","title":{"rendered":"Religion et spiritualit\u00e9"},"content":{"rendered":"\n<figure class=\"wp-block-image aligncenter size-full\"><img loading=\"lazy\" decoding=\"async\" width=\"120\" height=\"120\" data-attachment-id=\"130\" data-permalink=\"https:\/\/www.association-serenite.fr\/?attachment_id=130\" data-orig-file=\"https:\/\/www.association-serenite.fr\/wp-content\/uploads\/2026\/03\/img-20191221-wa0003-1.jpg\" data-orig-size=\"120,120\" data-comments-opened=\"1\" data-image-meta=\"{&quot;aperture&quot;:&quot;0&quot;,&quot;credit&quot;:&quot;&quot;,&quot;camera&quot;:&quot;&quot;,&quot;caption&quot;:&quot;&quot;,&quot;created_timestamp&quot;:&quot;0&quot;,&quot;copyright&quot;:&quot;&quot;,&quot;focal_length&quot;:&quot;0&quot;,&quot;iso&quot;:&quot;0&quot;,&quot;shutter_speed&quot;:&quot;0&quot;,&quot;title&quot;:&quot;&quot;,&quot;orientation&quot;:&quot;0&quot;}\" data-image-title=\"img-20191221-wa0003-1\" data-image-description=\"\" data-image-caption=\"\" data-medium-file=\"https:\/\/www.association-serenite.fr\/wp-content\/uploads\/2026\/03\/img-20191221-wa0003-1.jpg\" data-large-file=\"https:\/\/www.association-serenite.fr\/wp-content\/uploads\/2026\/03\/img-20191221-wa0003-1.jpg\" src=\"https:\/\/www.association-serenite.fr\/wp-content\/uploads\/2026\/03\/img-20191221-wa0003-1.jpg\" alt=\"\" class=\"wp-image-130\" srcset=\"https:\/\/www.association-serenite.fr\/wp-content\/uploads\/2026\/03\/img-20191221-wa0003-1.jpg 120w, https:\/\/www.association-serenite.fr\/wp-content\/uploads\/2026\/03\/img-20191221-wa0003-1-50x50.jpg 50w\" sizes=\"auto, (max-width: 120px) 100vw, 120px\" \/><\/figure>\n\n\n\n<p class=\"has-text-align-center\"><strong>La religion n&rsquo;est pas une, il y en a plusieurs.<\/strong><\/p>\n\n\n\n<p class=\"has-text-align-center\"><strong>La spiritualit\u00e9 est une.<\/strong><\/p>\n\n\n\n<p class=\"has-text-align-center\"><strong>La religion est pour ceux qui dorment.<\/strong><\/p>\n\n\n\n<p class=\"has-text-align-center\"><strong>La spiritualit\u00e9 est pour ceux qui sont \u00e9veill\u00e9s.<\/strong><\/p>\n\n\n\n<p class=\"has-text-align-center\"><strong>La religion est pour ceux qui ont besoin de quelqu&rsquo;un pour leur dire quoi faire et qui veulent \u00eatre guid\u00e9s.<\/strong><\/p>\n\n\n\n<p class=\"has-text-align-center\"><strong>La spiritualit\u00e9 est pour ceux qui pr\u00eatent attention \u00e0 leur voix int\u00e9rieure.<\/strong><\/p>\n\n\n\n<p class=\"has-text-align-center\"><strong>La religion a un ensemble de r\u00e8gles dogmatiques.<\/strong><\/p>\n\n\n\n<p class=\"has-text-align-center\"><strong>La spiritualit\u00e9 nous invite \u00e0 explorer l&rsquo;int\u00e9rieur et \u00e0 nous mettre \u00e0 l&rsquo;\u00e9coute des R\u00e8gles universelles.<\/strong><\/p>\n\n\n\n<p class=\"has-text-align-center\"><strong>La religion menace et effraie.<\/strong><\/p>\n\n\n\n<p class=\"has-text-align-center\"><strong>La spiritualit\u00e9 donne la paix int\u00e9rieure.<\/strong><\/p>\n\n\n\n<p class=\"has-text-align-center\"><strong>La religion parle de p\u00e9ch\u00e9 et de culpabilit\u00e9.<\/strong><\/p>\n\n\n\n<p class=\"has-text-align-center\"><strong>La spiritualit\u00e9 nous conduit sur le chemin de l&rsquo;\u00e9mancipation !<\/strong><\/p>\n\n\n\n<p class=\"has-text-align-center\"><strong>La religion r\u00e9prime tout ce qu&rsquo;elle consid\u00e8re comme faux.<\/strong><\/p>\n\n\n\n<p class=\"has-text-align-center\"><strong>La spiritualit\u00e9 transcende tout, elle nous rapproche de notre V\u00e9rit\u00e9 !<\/strong><\/p>\n\n\n\n<p class=\"has-text-align-center\"><strong>La religion invente.<\/strong><\/p>\n\n\n\n<p class=\"has-text-align-center\"><strong>La spiritualit\u00e9 nous aide \u00e0 d\u00e9couvrir.<\/strong><\/p>\n\n\n\n<p class=\"has-text-align-center\"><strong>La religion ne tol\u00e8re aucune question.<\/strong><\/p>\n\n\n\n<p class=\"has-text-align-center\"><strong>La spiritualit\u00e9 encourage la recherche de questions.<\/strong><\/p>\n\n\n\n<p class=\"has-text-align-center\"><strong>La religion est humaine.&nbsp; C&rsquo;est une organisation avec des r\u00e8gles faites par des hommes.<\/strong><\/p>\n\n\n\n<p class=\"has-text-align-center\"><strong>La spiritualit\u00e9 est divine, sans r\u00e8gles humaines&#8230; nous conduit \u00e0 la Cause sans cause !<\/strong><\/p>\n\n\n\n<p class=\"has-text-align-center\"><strong>La religion divise.<\/strong><\/p>\n\n\n\n<p class=\"has-text-align-center\"><strong>La spiritualit\u00e9 unit.<\/strong><\/p>\n\n\n\n<p class=\"has-text-align-center\"><strong>La religion suit les concepts d&rsquo;un livre sacr\u00e9.<\/strong><\/p>\n\n\n\n<p class=\"has-text-align-center\"><strong>La spiritualit\u00e9 cherche le sacr\u00e9 dans tous les livres.<\/strong><\/p>\n\n\n\n<p class=\"has-text-align-center\"><strong>La religion se nourrit de la peur.<\/strong><\/p>\n\n\n\n<p class=\"has-text-align-center\"><strong>La spiritualit\u00e9 se nourrit de la confiance et de la foi.<\/strong><\/p>\n\n\n\n<p class=\"has-text-align-center\"><strong>La religion nous fait vivre dans la R\u00e9alit\u00e9 Ext\u00e9rieure.<\/strong><\/p>\n\n\n\n<p class=\"has-text-align-center\"><strong>La spiritualit\u00e9 nous fait vivre dans la Conscience Int\u00e9rieure.<\/strong><\/p>\n\n\n\n<p class=\"has-text-align-center\"><strong>La religion pr\u00e9f\u00e8re l&rsquo;accomplissement de rituels.<\/strong><\/p>\n\n\n\n<p class=\"has-text-align-center\"><strong>La spiritualit\u00e9 a \u00e0 voir avec le Soi Int\u00e9rieur.<\/strong><\/p>\n\n\n\n<p class=\"has-text-align-center\"><strong>La religion se nourrit de l&rsquo;ego interne.<\/strong><\/p>\n\n\n\n<p class=\"has-text-align-center\"><strong>La spiritualit\u00e9 conduit \u00e0 transcender au-del\u00e0 de soi.<\/strong><\/p>\n\n\n\n<p class=\"has-text-align-center\"><strong>La religion nous fait renoncer au monde pour suivre Dieu.<\/strong><\/p>\n\n\n\n<p class=\"has-text-align-center\"><strong>La spiritualit\u00e9 nous fait vivre en Dieu, sans renoncer \u00e0 nos vies existantes.<\/strong><\/p>\n\n\n\n<p class=\"has-text-align-center\"><strong>La religion est un culte.<\/strong><\/p>\n\n\n\n<p class=\"has-text-align-center\"><strong>La spiritualit\u00e9 est une m\u00e9ditation int\u00e9rieure.<\/strong><\/p>\n\n\n\n<p class=\"has-text-align-center\"><strong>La religion nous remplit de r\u00eaves de gloire au paradis.<\/strong><\/p>\n\n\n\n<p class=\"has-text-align-center\"><strong>La spiritualit\u00e9 nous fait vivre la gloire et le paradis sur terre.<\/strong><\/p>\n\n\n\n<p class=\"has-text-align-center\"><strong>La religion vit dans le pass\u00e9 et dans le futur.<\/strong><\/p>\n\n\n\n<p class=\"has-text-align-center\"><strong>La spiritualit\u00e9 vit dans le pr\u00e9sent.<\/strong><\/p>\n\n\n\n<p class=\"has-text-align-center\"><strong>La religion cr\u00e9e des clo\u00eetres dans notre m\u00e9moire.<\/strong><\/p>\n\n\n\n<p class=\"has-text-align-center\"><strong>La Spiritualit\u00e9 lib\u00e8re notre Conscience.<\/strong><\/p>\n\n\n\n<p class=\"has-text-align-center\"><strong>Alex&nbsp;le&nbsp;Paladin<\/strong><\/p>\n","protected":false},"excerpt":{"rendered":"<p>La religion n&rsquo;est pas une, il y en a plusieurs. La spiritualit\u00e9 est une. La religion est pour ceux qui dorment. La spiritualit\u00e9 est pour ceux qui sont \u00e9veill\u00e9s. La religion est pour ceux qui ont besoin de quelqu&rsquo;un pour leur dire quoi faire et qui veulent \u00eatre guid\u00e9s. La spiritualit\u00e9 est pour ceux qui [&hellip;]<\/p>\n","protected":false},"author":1,"featured_media":0,"parent":0,"menu_order":0,"comment_status":"closed","ping_status":"closed","template":"template-featured-img","meta":{"footnotes":""},"class_list":["post-129","page","type-page","status-publish","hentry"],"jetpack_sharing_enabled":true,"_links":{"self":[{"href":"https:\/\/www.association-serenite.fr\/index.php?rest_route=\/wp\/v2\/pages\/129","targetHints":{"allow":["GET"]}}],"collection":[{"href":"https:\/\/www.association-serenite.fr\/index.php?rest_route=\/wp\/v2\/pages"}],"about":[{"href":"https:\/\/www.association-serenite.fr\/index.php?rest_route=\/wp\/v2\/types\/page"}],"author":[{"embeddable":true,"href":"https:\/\/www.association-serenite.fr\/index.php?rest_route=\/wp\/v2\/users\/1"}],"replies":[{"embeddable":true,"href":"https:\/\/www.association-serenite.fr\/index.php?rest_route=%2Fwp%2Fv2%2Fcomments&post=129"}],"version-history":[{"count":2,"href":"https:\/\/www.association-serenite.fr\/index.php?rest_route=\/wp\/v2\/pages\/129\/revisions"}],"predecessor-version":[{"id":152,"href":"https:\/\/www.association-serenite.fr\/index.php?rest_route=\/wp\/v2\/pages\/129\/revisions\/152"}],"wp:attachment":[{"href":"https:\/\/www.association-serenite.fr\/index.php?rest_route=%2Fwp%2Fv2%2Fmedia&parent=129"}],"curies":[{"name":"wp","href":"https:\/\/api.w.org\/{rel}","templated":true}]}}