{"id":7,"date":"2026-03-04T22:20:22","date_gmt":"2026-03-04T21:20:22","guid":{"rendered":"http:\/\/test.association-serenite.fr\/?page_id=7"},"modified":"2026-04-02T19:01:24","modified_gmt":"2026-04-02T17:01:24","slug":"test","status":"publish","type":"page","link":"https:\/\/www.association-serenite.fr\/","title":{"rendered":"Accueil"},"content":{"rendered":"\n<h2 class=\"wp-block-heading has-text-align-center has-text-color has-link-color has-large-font-size wp-elements-c4e1e523c44f3d66ceb0f53ea9a4c20c\" style=\"color:#2e524a\">Le but de l\u2019association :<\/h2>\n\n\n\n<p class=\"has-text-align-center\">C\u2019est une porte sur la spiritualit\u00e9 : spiritualit\u00e9 ne veut pas dire religion !<\/p>\n\n\n\n<p class=\"has-text-align-center\">Pas d\u2019amalgame surtout : la spiritualit\u00e9 tend vers l\u2019Amour inconditionnel, la compassion, la bienveillance, l\u2019entraide, la fraternit\u00e9, l\u2019empathie\u2026<\/p>\n\n\n\n<p class=\"has-text-align-center\">c-\u00e0-d. tout ce qui nous am\u00e8ne vers la lumi\u00e8re, le beau, le bien !<\/p>\n\n\n\n<div style=\"height:65px\" aria-hidden=\"true\" class=\"wp-block-spacer\"><\/div>\n\n\n\n<div class=\"wp-block-media-text is-stacked-on-mobile\" style=\"grid-template-columns:29% auto\"><figure class=\"wp-block-media-text__media\"><img loading=\"lazy\" decoding=\"async\" width=\"286\" height=\"176\" data-attachment-id=\"14\" data-permalink=\"https:\/\/www.association-serenite.fr\/?attachment_id=14\" data-orig-file=\"https:\/\/www.association-serenite.fr\/wp-content\/uploads\/2026\/03\/download.jpg\" data-orig-size=\"286,176\" data-comments-opened=\"1\" data-image-meta=\"{&quot;aperture&quot;:&quot;0&quot;,&quot;credit&quot;:&quot;&quot;,&quot;camera&quot;:&quot;&quot;,&quot;caption&quot;:&quot;&quot;,&quot;created_timestamp&quot;:&quot;0&quot;,&quot;copyright&quot;:&quot;&quot;,&quot;focal_length&quot;:&quot;0&quot;,&quot;iso&quot;:&quot;0&quot;,&quot;shutter_speed&quot;:&quot;0&quot;,&quot;title&quot;:&quot;&quot;,&quot;orientation&quot;:&quot;0&quot;}\" data-image-title=\"download\" data-image-description=\"\" data-image-caption=\"\" data-medium-file=\"https:\/\/www.association-serenite.fr\/wp-content\/uploads\/2026\/03\/download.jpg\" data-large-file=\"https:\/\/www.association-serenite.fr\/wp-content\/uploads\/2026\/03\/download.jpg\" src=\"https:\/\/www.association-serenite.fr\/wp-content\/uploads\/2026\/03\/download.jpg\" alt=\"\" class=\"wp-image-14 size-full\"\/><\/figure><div class=\"wp-block-media-text__content\">\n<h2 class=\"wp-block-heading has-text-color has-link-color has-large-font-size wp-elements-2c90fcaa0cb46c0bbce1b04b47f04989\" style=\"color:#2e524a\">Pourquoi avoir cr\u00e9\u00e9 cette association&nbsp;?<\/h2>\n\n\n\n<p>Elle permettra de diffuser avec tout le discernement qui s\u2019impose, les informations que l\u2019on peut obtenir sur la survivance (c-\u00e0-dire notre devenir), de s\u2019int\u00e9resser \u00e0 l\u2019\u00e9tude de tous les ph\u00e9nom\u00e8nes du paranormal, d\u2019\u00e9voquer des t\u00e9moignages spontan\u00e9s ou document\u00e9s r\u00e9v\u00e9lant la r\u00e9alit\u00e9 de l\u2019Au-del\u00e0 qui se multiplient et s\u2019accumulent car de plus en plus \u00e9tudi\u00e9s par la recherche scientifique.<\/p>\n\n\n\n<p>D\u2019\u00e9veiller, de r\u00e9veiller ou de faciliter la recherche personnelle pour \u00e9voluer et se pr\u00e9parer \u00e0 notre au-del\u00e0.<\/p>\n\n\n\n<p>Pour mieux nous pr\u00e9parer \u00e0 int\u00e9grer l\u2019\u00e8re nouvelle qui s\u2019ouvre \u00e0 nous depuis le 21 d\u00e9cembre 2020, c-\u00e0-dire l\u2019\u00e8re du verseau, commun\u00e9ment nomm\u00e9e, l\u2019\u00e2ge d\u2019or. Cette \u00e8re va engendrer de grandes mutations et l\u2019humanit\u00e9 prendra enfin conscience que nous sommes tous connectes et interconnectes. Cela va induire un changement de taux vibratoire de la plan\u00e8te vers des niveaux de conscience plus \u00e9lev\u00e9s.<\/p>\n\n\n\n<p>De s\u2019int\u00e9resser \u00e0 tout ce qui peut contribuer \u00e0 valoriser l\u2019\u00e9quilibre de la personne humaine \u2013 tout par rapport \u00e0 son \u00e9panouissement propre (mens sana in corpore sano) qu\u2019\u00e0 son environnement \u2013 car l\u2019homme est un tout et le spirituel est intimement lie \u00e0 l\u2019humain. Cela implique une ind\u00e9pendance vis-\u00e0-vis de toute ob\u00e9dience ! Pas d\u2019enseignement dogmatique ici. Chacun est libre d\u2019exercer son propre jugement et d\u2019\u00e9tayer sa r\u00e9flexion \u00e0 travers les informations propos\u00e9es.<\/p>\n\n\n\n<p>Et comme l\u2019avait dit Bernadette Soubirous :<\/p>\n\n\n\n<p>\u00ab Je ne suis pas charg\u00e9e de vous le faire croire, je suis charg\u00e9e de vous le dire \u00bb<\/p>\n<\/div><\/div>\n","protected":false},"excerpt":{"rendered":"<p>Le but de l\u2019association : C\u2019est une porte sur la spiritualit\u00e9 : spiritualit\u00e9 ne veut pas dire religion ! Pas d\u2019amalgame surtout : la spiritualit\u00e9 tend vers l\u2019Amour inconditionnel, la compassion, la bienveillance, l\u2019entraide, la fraternit\u00e9, l\u2019empathie\u2026 c-\u00e0-d. tout ce qui nous am\u00e8ne vers la lumi\u00e8re, le beau, le bien ! Pourquoi avoir cr\u00e9\u00e9 cette [&hellip;]<\/p>\n","protected":false},"author":1,"featured_media":0,"parent":0,"menu_order":0,"comment_status":"closed","ping_status":"closed","template":"template-featured-img","meta":{"footnotes":""},"class_list":["post-7","page","type-page","status-publish","hentry"],"jetpack_sharing_enabled":true,"_links":{"self":[{"href":"https:\/\/www.association-serenite.fr\/index.php?rest_route=\/wp\/v2\/pages\/7","targetHints":{"allow":["GET"]}}],"collection":[{"href":"https:\/\/www.association-serenite.fr\/index.php?rest_route=\/wp\/v2\/pages"}],"about":[{"href":"https:\/\/www.association-serenite.fr\/index.php?rest_route=\/wp\/v2\/types\/page"}],"author":[{"embeddable":true,"href":"https:\/\/www.association-serenite.fr\/index.php?rest_route=\/wp\/v2\/users\/1"}],"replies":[{"embeddable":true,"href":"https:\/\/www.association-serenite.fr\/index.php?rest_route=%2Fwp%2Fv2%2Fcomments&post=7"}],"version-history":[{"count":19,"href":"https:\/\/www.association-serenite.fr\/index.php?rest_route=\/wp\/v2\/pages\/7\/revisions"}],"predecessor-version":[{"id":198,"href":"https:\/\/www.association-serenite.fr\/index.php?rest_route=\/wp\/v2\/pages\/7\/revisions\/198"}],"wp:attachment":[{"href":"https:\/\/www.association-serenite.fr\/index.php?rest_route=%2Fwp%2Fv2%2Fmedia&parent=7"}],"curies":[{"name":"wp","href":"https:\/\/api.w.org\/{rel}","templated":true}]}}